{"id":12,"date":"2013-12-26T09:46:00","date_gmt":"2013-12-26T09:46:00","guid":{"rendered":"https:\/\/moran.eca.usp.br\/?page_id=12"},"modified":"2025-05-10T12:26:33","modified_gmt":"2025-05-10T15:26:33","slug":"desafios-pessoais","status":"publish","type":"page","link":"https:\/\/moran.eca.usp.br\/?page_id=12","title":{"rendered":"Desafios Pessoais &#8211; textos"},"content":{"rendered":"\t\t<div data-elementor-type=\"wp-page\" data-elementor-id=\"12\" class=\"elementor elementor-12\">\n\t\t\t\t\t\t<section class=\"elementor-section elementor-top-section elementor-element elementor-element-4a4d4b8a elementor-section-boxed elementor-section-height-default elementor-section-height-default\" data-id=\"4a4d4b8a\" data-element_type=\"section\">\n\t\t\t\t\t\t<div class=\"elementor-container elementor-column-gap-default\">\n\t\t\t\t\t<div class=\"elementor-column elementor-col-100 elementor-top-column elementor-element elementor-element-4c3b8188\" data-id=\"4c3b8188\" data-element_type=\"column\">\n\t\t\t<div class=\"elementor-widget-wrap elementor-element-populated\">\n\t\t\t\t\t\t<div class=\"elementor-element elementor-element-7b2b0fdb elementor-widget elementor-widget-text-editor\" data-id=\"7b2b0fdb\" data-element_type=\"widget\" data-widget_type=\"text-editor.default\">\n\t\t\t\t<div class=\"elementor-widget-container\">\n\t\t\t\t\t\t\t<h3><strong><a href=\"https:\/\/moran.eca.usp.br\/wp-content\/uploads\/2025\/05\/existencial.pdf\">A educa\u00e7\u00e3o plena, existencial e integral<\/a><\/strong><\/h3><h3><strong><a href=\"https:\/\/moran.eca.usp.br\/wp-content\/uploads\/2023\/12\/educar_filhos.pdf\">A dif\u00edcil arte de educar os filhos<\/a><\/strong><\/h3><h3><a href=\"https:\/\/moran.eca.usp.br\/wp-content\/uploads\/2022\/12\/inspiradoras.pdf\"><strong>Aprendendo com pessoas inspiradoras<\/strong><\/a><\/h3><h3><a href=\"https:\/\/moran.eca.usp.br\/wp-content\/uploads\/2022\/02\/recupera\u00e7\u00e3o.pdf\"><strong>O que aprendi no longo per\u00edodo de recupera\u00e7\u00e3o<\/strong><\/a><\/h3><h3><a href=\"https:\/\/moran.eca.usp.br\/wp-content\/uploads\/2021\/11\/exausto.pdf\"><strong>Aprendi muito, mas estou exausto<\/strong><\/a><\/h3><h3><strong><a href=\"https:\/\/moran.eca.usp.br\/wp-content\/uploads\/2021\/11\/agotado.pdf\">Aprend\u00ed mucho, pero estoy agotado <em>(espa\u00f1ol)<\/em><\/a><\/strong><\/h3><h3><strong><a href=\"https:\/\/moran.eca.usp.br\/wp-content\/uploads\/2021\/11\/evoluir.pdf\">Aprendendo a evoluir em cada etapa da vida<\/a><\/strong><\/h3><h3><strong><a href=\"https:\/\/moran.eca.usp.br\/wp-content\/uploads\/2021\/10\/gerenciando.pdf\">Gerenciando melhor os desafios da vida <\/a><\/strong><\/h3><h3><a href=\"https:\/\/moran.eca.usp.br\/wp-content\/uploads\/2021\/08\/leveza.pdf\"><strong>A arte de viver com leveza<\/strong><\/a><\/h3><h3><strong><a href=\"https:\/\/moran.eca.usp.br\/wp-content\/uploads\/2021\/08\/vivir.pdf\">El arte de vivir \u201ca la ligera\u201d<\/a><\/strong> (em espanhol)<\/h3><h3><a href=\"https:\/\/moran.eca.usp.br\/wp-content\/uploads\/2021\/08\/afeto.pdf\"><strong>A educa\u00e7\u00e3o pelo afeto nos transforma<\/strong><\/a><\/h3><h3><a href=\"https:\/\/www.youtube.com\/watch?v=tYnu9NDBySs&amp;list=PLIUtsSsEPAPUrwsNVpMJdNuXEMmyQ5lwg\"><strong>Projetos de vida<\/strong>\u00a0 \u00a0<span style=\"color: #333333;\">aprendendo e ensinando a viver nossa vida com significado e prop\u00f3sito. V\u00eddeo dispon\u00edvel no YouTube em: https:\/\/www.youtube.com\/watch?v=tYnu9NDBySs&amp;feature=youtu.be<\/span><\/a><\/h3><h3><strong><a href=\"https:\/\/moran.eca.usp.br\/wp-content\/uploads\/2013\/12\/Aprendendo-na-crise.pdf\">Aprendendo na crise<\/a><\/strong><\/h3><h3><strong><a href=\"https:\/\/moran.eca.usp.br\/wp-content\/uploads\/2019\/10\/Transforma\u00e7\u00f5es_docente.pdf\">Minhas transforma\u00e7\u00f5es como docente<\/a><\/strong><\/h3><h3><strong><a href=\"https:\/\/moran.eca.usp.br\/wp-content\/uploads\/2019\/07\/Desacelerar.pdf\">Aprendendo a desacelerar<\/a><\/strong><\/h3><h3><strong><a href=\"https:\/\/moran.eca.usp.br\/wp-content\/uploads\/2019\/06\/Desafios_Vida1.pdf\">Desafios na implementa\u00e7\u00e3o do Projeto de Vida\u00a0<\/a><\/strong><\/h3><h3><strong><a href=\"https:\/\/moran.eca.usp.br\/wp-content\/uploads\/2018\/01\/certezas.pdf\">Aprendendo a desaprender<\/a>\u00a0\u00a0<\/strong><\/h3><h3><strong><a href=\"https:\/\/moran.eca.usp.br\/wp-content\/uploads\/2017\/05\/cinismo.pdf\">A mentira e o cinismo desestruturam nossa sociedade<\/a>\u00a0<\/strong><\/h3><h3><strong><span style=\"color: #339966;\"><a href=\"https:\/\/moran.eca.usp.br\/wp-content\/uploads\/2013\/12\/evoluem.pdf\">Pessoas que evoluem com as dificuldades<\/a><\/span><em><span style=\"color: #339966;\">\u00a0<\/span><\/em><\/strong><\/h3><h3><strong><a href=\"https:\/\/moran.eca.usp.br\/wp-content\/uploads\/2013\/12\/relacionamentos.pdf\">Relacionamentos com v\u00ednculos superficiais ou profundos<\/a><em>\u00a0<\/em><\/strong><\/h3><p><strong><a style=\"line-height: 1.5em;\" title=\"Tempo\" href=\"https:\/\/moran.eca.usp.br\/textos\/desafios_pessoais\/tempo.pdf\" target=\"_blank\" rel=\"noopener noreferrer\">Encontrar tempo para estar com as pessoas\u00a0<\/a>\u00a0<\/strong><\/p><p><strong><a title=\"Conviver\" href=\"https:\/\/moran.eca.usp.br\/textos\/desafios_pessoais\/Conviver.pdf\" target=\"_blank\" rel=\"noopener noreferrer\">Conviver com pessoas muito especiais <\/a>\u00a0<\/strong><\/p><p><strong><a href=\"https:\/\/moran.eca.usp.br\/textos\/desafios_pessoais\/impacto.pdf\" target=\"_blank\" rel=\"noopener noreferrer\">Causar impacto ou fazer escolhas coerentes?<\/a><\/strong><\/p><p><strong><a href=\"https:\/\/moran.eca.usp.br\/textos\/desafios_pessoais\/aparente.pdf\" target=\"_blank\" rel=\"noopener noreferrer\">O aparente e o real no mundo digital<\/a><\/strong><\/p><p><strong><a href=\"https:\/\/moran.eca.usp.br\/textos\/desafios_pessoais\/pessoas.pdf\" target=\"_blank\" rel=\"noopener noreferrer\">Somos pessoas ou personagens?<\/a><\/strong><\/p><p><strong><a href=\"https:\/\/moran.eca.usp.br\/textos\/desafios_pessoais\/contradicoes.pdf\" target=\"_blank\" rel=\"noopener noreferrer\">Contradi\u00e7\u00f5es em nossas mudan\u00e7as<\/a><\/strong><\/p><p><strong><a href=\"https:\/\/moran.eca.usp.br\/wp-content\/uploads\/2013\/12\/atitude.pdf\">A atitude de querer mudar de verdade<\/a><\/strong><\/p><p><strong><a href=\"https:\/\/moran.eca.usp.br\/textos\/desafios_pessoais\/percep.pdf\" target=\"_blank\" rel=\"noopener noreferrer\">A informa\u00e7\u00e3o e a comunica\u00e7\u00e3o em contextos complexos<\/a><\/strong><\/p><p><strong><a href=\"https:\/\/moran.eca.usp.br\/textos\/desafios_pessoais\/atuais.pdf\" target=\"_blank\" rel=\"noopener noreferrer\">A comunica\u00e7\u00e3o nas mudan\u00e7as contradit\u00f3rias atuais<\/a><\/strong><\/p><p><strong><a href=\"https:\/\/moran.eca.usp.br\/textos\/desafios_pessoais\/perto.pdf\" target=\"_blank\" rel=\"noopener noreferrer\">As mudan\u00e7as perto de n\u00f3s<\/a><\/strong><\/p><p><strong><a href=\"https:\/\/moran.eca.usp.br\/textos\/desafios_pessoais\/gestaocom.pdf\" target=\"_blank\" rel=\"noopener noreferrer\">Gerenciamento integrado das mudan\u00e7as pessoais<\/a><\/strong><\/p><p><strong><a href=\"https:\/\/moran.eca.usp.br\/textos\/desafios_pessoais\/porque.pdf\" target=\"_blank\" rel=\"noopener noreferrer\">Por que nos comunicamos? <\/a><\/strong><\/p><p><strong><a href=\"https:\/\/moran.eca.usp.br\/textos\/desafios_pessoais\/cotidiano.pdf\" target=\"_blank\" rel=\"noopener noreferrer\">Redes de comunica\u00e7\u00e3o pessoal no cotidiano<\/a><\/strong><\/p><p><strong><a href=\"https:\/\/moran.eca.usp.br\/textos\/desafios_pessoais\/muitas.pdf\" target=\"_blank\" rel=\"noopener noreferrer\">As muitas formas de comunicar-nos<\/a><\/strong><\/p><p><strong><a href=\"https:\/\/moran.eca.usp.br\/textos\/desafios_pessoais\/possiveis.pdf\" target=\"_new\" rel=\"noopener noreferrer\">Fazer as mudan\u00e7as poss\u00edveis<\/a><\/strong><\/p><p><strong><a href=\"https:\/\/moran.eca.usp.br\/textos\/desafios_pessoais\/incertezas.pdf\" target=\"_blank\" rel=\"noopener noreferrer\">Vivendo nas contradi\u00e7\u00f5es e incertezas<\/a><\/strong><\/p><p><strong><a href=\"https:\/\/moran.eca.usp.br\/textos\/desafios_pessoais\/contraditorias.pdf\" target=\"_blank\" rel=\"noopener noreferrer\">Mudan\u00e7as profundas e contradit\u00f3rias<\/a><\/strong><\/p><p><strong><a href=\"https:\/\/moran.eca.usp.br\/textos\/desafios_pessoais\/reorg.pdf\" target=\"_blank\" rel=\"noopener noreferrer\">A comunica\u00e7\u00e3o em grupos e organiza\u00e7\u00f5es<\/a><\/strong><\/p><p><strong><a href=\"https:\/\/moran.eca.usp.br\/textos\/desafios_pessoais\/organiz.pdf\" target=\"_blank\" rel=\"noopener noreferrer\">Organiza\u00e7\u00f5es s\u00e3o como pessoas<\/a><\/strong><\/p><p><strong><a href=\"https:\/\/moran.eca.usp.br\/textos\/desafios_pessoais\/vidsal.pdf\" target=\"_blank\" rel=\"noopener noreferrer\">O V\u00eddeo na Sala de Aula<\/a><\/strong><\/p>\t\t\t\t\t\t<\/div>\n\t\t\t\t<\/div>\n\t\t\t\t\t<\/div>\n\t\t<\/div>\n\t\t\t\t\t<\/div>\n\t\t<\/section>\n\t\t\t\t<\/div>\n\t\t","protected":false},"excerpt":{"rendered":"<p>A educa\u00e7\u00e3o plena, existencial e integral A dif\u00edcil arte de educar os filhos Aprendendo com pessoas inspiradoras O que aprendi no longo per\u00edodo de recupera\u00e7\u00e3o Aprendi muito, mas estou exausto Aprend\u00ed mucho, pero estoy agotado (espa\u00f1ol) Aprendendo a evoluir em cada etapa da vida Gerenciando melhor os desafios da vida A arte de viver com leveza El arte de vivir \u201ca la ligera\u201d (em espanhol) A educa\u00e7\u00e3o pelo afeto nos transforma Projetos de vida\u00a0 \u00a0aprendendo e ensinando a viver nossa&hellip;<\/p>\n","protected":false},"author":1,"featured_media":0,"parent":0,"menu_order":0,"comment_status":"closed","ping_status":"open","template":"","meta":{"footnotes":""},"_links":{"self":[{"href":"https:\/\/moran.eca.usp.br\/index.php?rest_route=\/wp\/v2\/pages\/12"}],"collection":[{"href":"https:\/\/moran.eca.usp.br\/index.php?rest_route=\/wp\/v2\/pages"}],"about":[{"href":"https:\/\/moran.eca.usp.br\/index.php?rest_route=\/wp\/v2\/types\/page"}],"author":[{"embeddable":true,"href":"https:\/\/moran.eca.usp.br\/index.php?rest_route=\/wp\/v2\/users\/1"}],"replies":[{"embeddable":true,"href":"https:\/\/moran.eca.usp.br\/index.php?rest_route=%2Fwp%2Fv2%2Fcomments&post=12"}],"version-history":[{"count":71,"href":"https:\/\/moran.eca.usp.br\/index.php?rest_route=\/wp\/v2\/pages\/12\/revisions"}],"predecessor-version":[{"id":2742,"href":"https:\/\/moran.eca.usp.br\/index.php?rest_route=\/wp\/v2\/pages\/12\/revisions\/2742"}],"wp:attachment":[{"href":"https:\/\/moran.eca.usp.br\/index.php?rest_route=%2Fwp%2Fv2%2Fmedia&parent=12"}],"curies":[{"name":"wp","href":"https:\/\/api.w.org\/{rel}","templated":true}]}}