{"id":20,"date":"2013-12-26T11:17:20","date_gmt":"2013-12-26T11:17:20","guid":{"rendered":"https:\/\/moran.eca.usp.br\/?page_id=20"},"modified":"2024-11-13T11:51:28","modified_gmt":"2024-11-13T14:51:28","slug":"tecnologias-na-educacao","status":"publish","type":"page","link":"https:\/\/moran.eca.usp.br\/?page_id=20","title":{"rendered":"Tecnologias na Educa\u00e7\u00e3o"},"content":{"rendered":"\t\t<div data-elementor-type=\"wp-page\" data-elementor-id=\"20\" class=\"elementor elementor-20\">\n\t\t\t\t\t\t<section class=\"elementor-section elementor-top-section elementor-element elementor-element-3560098 elementor-section-boxed elementor-section-height-default elementor-section-height-default\" data-id=\"3560098\" data-element_type=\"section\">\n\t\t\t\t\t\t<div class=\"elementor-container elementor-column-gap-default\">\n\t\t\t\t\t<div class=\"elementor-column elementor-col-100 elementor-top-column elementor-element elementor-element-74fd30ec\" data-id=\"74fd30ec\" data-element_type=\"column\">\n\t\t\t<div class=\"elementor-widget-wrap elementor-element-populated\">\n\t\t\t\t\t\t<div class=\"elementor-element elementor-element-7bc1ec50 elementor-widget elementor-widget-text-editor\" data-id=\"7bc1ec50\" data-element_type=\"widget\" data-widget_type=\"text-editor.default\">\n\t\t\t\t<div class=\"elementor-widget-container\">\n\t\t\t\t\t\t\t<h3><strong><a href=\"https:\/\/moran.eca.usp.br\/wp-content\/uploads\/2024\/06\/uso_IA_edu.pdf\">O uso equilibrado da Intelig\u00eancia Artificial na Educa\u00e7\u00e3o<\/a><\/strong><\/h3><h3><a href=\"https:\/\/moran.eca.usp.br\/wp-content\/uploads\/2024\/03\/Impactos.pdf\"><strong>Impactos da Intelig\u00eancia Artificial na Educa\u00e7\u00e3o<\/strong><\/a><\/h3><h3><strong><a href=\"https:\/\/moran.eca.usp.br\/wp-content\/uploads\/2023\/12\/educar_criancas_digital.pdf\">Educar crian\u00e7as e jovens para um bom uso do digital<\/a><\/strong><\/h3><h3><strong><a href=\"https:\/\/moran.eca.usp.br\/wp-content\/uploads\/2021\/01\/desafios_hibrido.pdf\">Avan\u00e7os e desafios na educa\u00e7\u00e3o h\u00edbrida<\/a><\/strong><\/h3><h4><a href=\"https:\/\/moran.eca.usp.br\/wp-content\/uploads\/2020\/06\/convergencias.docx\"><strong>Converg\u00eancias na Educa\u00e7\u00e3o: Desafios e Possibilidades<\/strong> &#8211;\u00a0<\/a><i>Texto da Jornalista Sandra Medeiros, a partir de um webinar no qual fui um dos participantes. Texto dispon\u00edvel em: <strong><a href=\"https:\/\/bit.ly\/3d5M3df\">https:\/\/bit.ly\/3d5M3df<\/a><\/strong>. O v\u00eddeo, em: <strong><a href=\"https:\/\/bit.ly\/3d3jZHs\">https:\/\/bit.ly\/3d3jZHs<\/a><\/strong><\/i><\/h4><h3 style=\"text-align: left;\" align=\"center\"><strong><a href=\"https:\/\/moran.eca.usp.br\/wp-content\/uploads\/2018\/08\/Entrevista_Tecnologias_Moran_Com_Censo.pdf\">Contribui\u00e7\u00e3o das tecnologias para a transforma\u00e7\u00e3o da educa\u00e7\u00e3o<\/a>\u00a0<\/strong><\/h3><h3 style=\"text-align: left;\" align=\"center\"><b><a href=\"https:\/\/moran.eca.usp.br\/wp-content\/uploads\/2017\/11\/tecnologias_moran.pdf\">Tecnologias digitais para uma aprendizagem ativa e inovadora<\/a>\u00a0<br \/><\/b><\/h3><h3 style=\"text-align: left;\" align=\"center\"><strong><a href=\"https:\/\/moran.eca.usp.br\/wp-content\/uploads\/2013\/12\/questoes_projetos.pdf\">Cinco v\u00eddeos para uma aprendizagem baseada em projetos <\/a><\/strong><\/h3><h3>\u00a0<strong><a href=\"https:\/\/moran.eca.usp.br\/wp-content\/uploads\/2014\/03\/tablets.pdf\">Tablets para todos conseguir\u00e3o mudar a escola?<\/a><\/strong><\/h3><h3><strong><a href=\"https:\/\/moran.eca.usp.br\/wp-content\/uploads\/2013\/12\/tabletseduc.pdf\">Tablet<\/a><a href=\"https:\/\/moran.eca.usp.br\/wp-content\/uploads\/2013\/12\/tabletseduc.pdf\">s e notebooks na educa\u00e7\u00e3o<\/a>\u00a0<\/strong><\/h3><h3><strong><a href=\"https:\/\/moran.eca.usp.br\/wp-content\/uploads\/2021\/08\/utilizar.pdf\">Como utilizar as tecnologias na escola<\/a><\/strong><\/h3><h3><strong><a href=\"https:\/\/moran.eca.usp.br\/wp-content\/uploads\/2021\/08\/nuevas_tecnologias.pdf\">Las Nuevas Tecnolog\u00edas y el Re-Encantamiento del Mundo<\/a><\/strong> <em>(em Espanhol)<\/em><\/h3><h3><strong><a href=\"https:\/\/moran.eca.usp.br\/wp-content\/uploads\/2021\/08\/cambiar.pdf\">Cambiar la forma de ense\u00f1ar y aprender en Internet<\/a> <\/strong><em>(em Espanhol)<\/em><\/h3><h3><strong> <a href=\"https:\/\/moran.eca.usp.br\/wp-content\/uploads\/2021\/08\/pesquisa.pdf\">A internet como apoio \u00e0 pesquisa<\/a><\/strong><\/h3><h3><a href=\"https:\/\/moran.eca.usp.br\/wp-content\/uploads\/2021\/08\/videos.pdf\"><strong>Videos s\u00e3o instrumentos de comunica\u00e7\u00e3o e produ\u00e7\u00e3o<\/strong><\/a><\/h3><h3><a href=\"https:\/\/moran.eca.usp.br\/wp-content\/uploads\/2013\/12\/futuro.pdf\">Perspectivas para a educa\u00e7\u00e3o<\/a><\/h3><h3><strong><a href=\"https:\/\/moran.eca.usp.br\/wp-content\/uploads\/2021\/08\/camin.pdf\">Caminhos para a aprendizaggem inovadora<\/a><\/strong><\/h3><p><strong><a href=\"https:\/\/moran.eca.usp.br\/textos\/tecnologias_eduacacao\/twitter.pdf\" target=\"_blank\" rel=\"noopener noreferrer\">A educa\u00e7\u00e3o em tempos do Twitter <\/a><\/strong><\/p><p><strong><a style=\"line-height: 1.5em;\" href=\"https:\/\/moran.eca.usp.br\/textos\/tecnologias_eduacacao\/redes_aprendizagem.pdf\" target=\"_blank\" rel=\"noopener noreferrer\">As possibilidades das redes de aprendizagem<\/a><\/strong><\/p><p><strong><a style=\"line-height: 1.5em;\" href=\"https:\/\/moran.eca.usp.br\/textos\/tecnologias_eduacacao\/espacos.pdf\" target=\"_blank\" rel=\"noopener noreferrer\">Os novos espa\u00e7os de atua\u00e7\u00e3o do educador com as tecnologias<\/a><\/strong><\/p><p><strong><a href=\"https:\/\/moran.eca.usp.br\/textos\/tecnologias_eduacacao\/digital.pdf\" target=\"_blank\" rel=\"noopener noreferrer\">A TV digital e a integra\u00e7\u00e3o das tecnologias na educa\u00e7\u00e3o<\/a><\/strong><\/p><p><strong><a href=\"https:\/\/moran.eca.usp.br\/textos\/tecnologias_eduacacao\/integracao.pdf\" target=\"_blank\" rel=\"noopener noreferrer\">A integra\u00e7\u00e3o das tecnologias na educa\u00e7\u00e3o<\/a><\/strong><\/p><p><strong><a href=\"https:\/\/moran.eca.usp.br\/textos\/tecnologias_eduacacao\/midias_educ.pdf\" target=\"_blank\" rel=\"noopener noreferrer\">As m\u00eddias na educa\u00e7\u00e3o<\/a><\/strong><\/p><p><strong><a href=\"https:\/\/moran.eca.usp.br\/textos\/tecnologias_eduacacao\/educatec.pdf\" target=\"_blank\" rel=\"noopener noreferrer\">Educa\u00e7\u00e3o e Tecnologias: Mudar para valer!<\/a><\/strong><\/p><p><strong><a href=\"https:\/\/moran.eca.usp.br\/textos\/tecnologias_eduacacao\/gestao.pdf\" target=\"_blank\" rel=\"noopener noreferrer\">Gest\u00e3o inovadora da escola com tecnologias<\/a><\/strong><\/p><p><strong><a href=\"https:\/\/moran.eca.usp.br\/textos\/tecnologias_eduacacao\/novos.pdf\" target=\"_blank\" rel=\"noopener noreferrer\">Novos desafios na educa\u00e7\u00e3o &#8211; a Internet na educa\u00e7\u00e3o presencial e virtual<\/a><\/strong><\/p><p><strong><a style=\"line-height: 1.5em;\" href=\"https:\/\/moran.eca.usp.br\/textos\/tecnologias_eduacacao\/inov.pdf\" target=\"_blank\" rel=\"noopener noreferrer\">Ensino e aprendizagem inovadores com tecnologias<\/a><\/strong><\/p><p><strong><a href=\"https:\/\/moran.eca.usp.br\/textos\/tecnologias_eduacacao\/ambiental.pdf\" target=\"_blank\" rel=\"noopener noreferrer\">A Educa\u00e7\u00e3o Ambiental na Internet<\/a><\/strong><\/p><p><strong><a href=\"https:\/\/moran.eca.usp.br\/textos\/tecnologias_eduacacao\/desafio.pdf\" target=\"_blank\" rel=\"noopener noreferrer\">Desafios da televis\u00e3o e do v\u00eddeo \u00e0 escola<\/a><\/strong><\/p><p><strong><a href=\"https:\/\/moran.eca.usp.br\/textos\/tecnologias_eduacacao\/uber.pdf\" target=\"_blank\" rel=\"noopener noreferrer\">Mudar a forma de ensinar e de aprender com tecnologias<\/a><\/strong><\/p><p><strong><a href=\"https:\/\/moran.eca.usp.br\/textos\/tecnologias_eduacacao\/educar.pdf\" target=\"_blank\" rel=\"noopener noreferrer\">Educar o educador<\/a><\/strong><\/p><p><strong><a href=\"https:\/\/moran.eca.usp.br\/textos\/tecnologias_eduacacao\/internet.pdf\" target=\"_blank\" rel=\"noopener noreferrer\">Como Utilizar a Internet na Educa\u00e7\u00e3o<\/a><\/strong><\/p><p><strong><a href=\"https:\/\/moran.eca.usp.br\/textos\/tecnologias_eduacacao\/desaf_int.pdf\" target=\"_blank\" rel=\"noopener noreferrer\">Desafios da Internet para o professor<\/a><\/strong><\/p><p><strong><a href=\"https:\/\/moran.eca.usp.br\/textos\/tecnologias_eduacacao\/novtec.pdf\" target=\"_blank\" rel=\"noopener noreferrer\">Novas tecnologias e o re-encantamento do mundo<\/a><\/strong><\/p><p><strong><a href=\"https:\/\/moran.eca.usp.br\/textos\/tecnologias_eduacacao\/qual.pdf\" target=\"_blank\" rel=\"noopener noreferrer\">Ensino e educa\u00e7\u00e3o de qualidade (!?)<\/a><\/strong><\/p><p><strong><a href=\"https:\/\/moran.eca.usp.br\/textos\/tecnologias_eduacacao\/camin.pdf\" target=\"_blank\" rel=\"noopener noreferrer\">Caminhos para a aprendizagem inovadora<\/a><\/strong><\/p><p><strong><a href=\"https:\/\/moran.eca.usp.br\/textos\/tecnologias_eduacacao\/utilizar.pdf\" target=\"_blank\" rel=\"noopener noreferrer\">Como utilizar as tecnologias na escola<\/a><\/strong><\/p><p><strong><a href=\"https:\/\/moran.eca.usp.br\/wp-content\/uploads\/2014\/03\/vidsal.pdf\">O V\u00eddeo na Sala de Aula<\/a><\/strong><\/p>\t\t\t\t\t\t<\/div>\n\t\t\t\t<\/div>\n\t\t\t\t\t<\/div>\n\t\t<\/div>\n\t\t\t\t\t<\/div>\n\t\t<\/section>\n\t\t\t\t<\/div>\n\t\t","protected":false},"excerpt":{"rendered":"<p>O uso equilibrado da Intelig\u00eancia Artificial na Educa\u00e7\u00e3o Impactos da Intelig\u00eancia Artificial na Educa\u00e7\u00e3o Educar crian\u00e7as e jovens para um bom uso do digital Avan\u00e7os e desafios na educa\u00e7\u00e3o h\u00edbrida Converg\u00eancias na Educa\u00e7\u00e3o: Desafios e Possibilidades &#8211;\u00a0Texto da Jornalista Sandra Medeiros, a partir de um webinar no qual fui um dos participantes. Texto dispon\u00edvel em: https:\/\/bit.ly\/3d5M3df. O v\u00eddeo, em: https:\/\/bit.ly\/3d3jZHs Contribui\u00e7\u00e3o das tecnologias para a transforma\u00e7\u00e3o da educa\u00e7\u00e3o\u00a0 Tecnologias digitais para uma aprendizagem ativa e inovadora\u00a0 Cinco v\u00eddeos para uma&hellip;<\/p>\n","protected":false},"author":1,"featured_media":0,"parent":0,"menu_order":0,"comment_status":"closed","ping_status":"closed","template":"","meta":{"footnotes":""},"_links":{"self":[{"href":"https:\/\/moran.eca.usp.br\/index.php?rest_route=\/wp\/v2\/pages\/20"}],"collection":[{"href":"https:\/\/moran.eca.usp.br\/index.php?rest_route=\/wp\/v2\/pages"}],"about":[{"href":"https:\/\/moran.eca.usp.br\/index.php?rest_route=\/wp\/v2\/types\/page"}],"author":[{"embeddable":true,"href":"https:\/\/moran.eca.usp.br\/index.php?rest_route=\/wp\/v2\/users\/1"}],"replies":[{"embeddable":true,"href":"https:\/\/moran.eca.usp.br\/index.php?rest_route=%2Fwp%2Fv2%2Fcomments&post=20"}],"version-history":[{"count":55,"href":"https:\/\/moran.eca.usp.br\/index.php?rest_route=\/wp\/v2\/pages\/20\/revisions"}],"predecessor-version":[{"id":2701,"href":"https:\/\/moran.eca.usp.br\/index.php?rest_route=\/wp\/v2\/pages\/20\/revisions\/2701"}],"wp:attachment":[{"href":"https:\/\/moran.eca.usp.br\/index.php?rest_route=%2Fwp%2Fv2%2Fmedia&parent=20"}],"curies":[{"name":"wp","href":"https:\/\/api.w.org\/{rel}","templated":true}]}}