{"id":95,"date":"2013-12-26T22:01:35","date_gmt":"2013-12-26T22:01:35","guid":{"rendered":"https:\/\/moran.eca.usp.br\/?page_id=95"},"modified":"2024-06-24T13:12:41","modified_gmt":"2024-06-24T16:12:41","slug":"livros","status":"publish","type":"page","link":"https:\/\/moran.eca.usp.br\/?page_id=95","title":{"rendered":"Livros"},"content":{"rendered":"\t\t<div data-elementor-type=\"wp-page\" data-elementor-id=\"95\" class=\"elementor elementor-95\">\n\t\t\t\t\t\t<section class=\"elementor-section elementor-top-section elementor-element elementor-element-457c4179 elementor-section-boxed elementor-section-height-default elementor-section-height-default\" data-id=\"457c4179\" data-element_type=\"section\">\n\t\t\t\t\t\t<div class=\"elementor-container elementor-column-gap-default\">\n\t\t\t\t\t<div class=\"elementor-column elementor-col-100 elementor-top-column elementor-element elementor-element-5ac0b256\" data-id=\"5ac0b256\" data-element_type=\"column\">\n\t\t\t<div class=\"elementor-widget-wrap elementor-element-populated\">\n\t\t\t\t\t\t<div class=\"elementor-element elementor-element-50bafcf0 elementor-widget elementor-widget-text-editor\" data-id=\"50bafcf0\" data-element_type=\"widget\" data-widget_type=\"text-editor.default\">\n\t\t\t\t<div class=\"elementor-widget-container\">\n\t\t\t\t\t\t\t<p style=\"text-align: left;\"><strong>Livros Publicados<\/strong><\/p><p><img fetchpriority=\"high\" decoding=\"async\" class=\"alignleft size-full wp-image-2593\" src=\"https:\/\/moran.eca.usp.br\/wp-content\/uploads\/2024\/01\/dialogos1.jpg\" alt=\"\" width=\"649\" height=\"650\" srcset=\"https:\/\/moran.eca.usp.br\/wp-content\/uploads\/2024\/01\/dialogos1.jpg 649w, https:\/\/moran.eca.usp.br\/wp-content\/uploads\/2024\/01\/dialogos1-300x300.jpg 300w, https:\/\/moran.eca.usp.br\/wp-content\/uploads\/2024\/01\/dialogos1-150x150.jpg 150w, https:\/\/moran.eca.usp.br\/wp-content\/uploads\/2024\/01\/dialogos1-116x116.jpg 116w\" sizes=\"(max-width: 649px) 100vw, 649px\" \/><\/p><p>\u00a0<\/p><p>\u00a0<\/p><p>\u00a0<\/p><p>\u00a0<\/p><p>\u00a0<\/p><p>\u00a0<\/p><p>\u00a0<\/p><p>\u00a0<\/p><p>Meu \u00faltimo livro: Di\u00e1logos sobre Educa\u00e7\u00e3o H\u00edbrida e Digital,\u00a0<span style=\"color: var( --e-global-color-text ); font-family: var( --e-global-typography-text-font-family ), Sans-serif; font-weight: var( --e-global-typography-text-font-weight ); font-size: 0.875em;\">dispon\u00edvel em: <\/span><a style=\"font-family: var( --e-global-typography-text-font-family ), Sans-serif; font-weight: var( --e-global-typography-text-font-weight ); font-size: 0.875em;\" href=\"https:\/\/artesanatoeducacional.com.br\/produto\/dialogos-sobre-educacao-hibrida-e-digital\/\">https:\/\/artesanatoeducacional.com.br\/produto\/dialogos-sobre-educacao-hibrida-e-digital\/<\/a><\/p><p>e na Amazon<\/p><p style=\"text-align: left;\"><a href=\"https:\/\/moran.eca.usp.br\/wp-content\/uploads\/2013\/12\/livro_metodologias-e1513341395944.jpg\"><img decoding=\"async\" class=\"alignleft size-full wp-image-813\" src=\"https:\/\/moran.eca.usp.br\/wp-content\/uploads\/2013\/12\/livro_metodologias-e1513341395944.jpg\" alt=\"Metodologias Ativas para uma Educa\u00e7\u00e3o Inovadora\" width=\"100\" height=\"138\" \/><\/a><\/p><h4 style=\"text-align: left;\"><strong><span style=\"text-decoration: underline;\">\u00a0<\/span><\/strong><\/h4><h4 style=\"text-align: left;\"><strong><span style=\"text-decoration: underline;\">Metodologias Ativas para uma Educa\u00e7\u00e3o Inovadora<\/span>. <\/strong>Coordena\u00e7\u00e3o Lilian Bacich @ Jos\u00e9, Moran.. Porto Alegre: Penso, 2017.<\/h4><p style=\"text-align: left;\"><strong>Pode ser adquirido em:\u00a0<a href=\"http:\/\/loja.grupoa.com.br\/\" target=\"_blank\" rel=\"noopener noreferrer\" data-saferedirecturl=\"https:\/\/www.google.com\/url?hl=pt-BR&amp;q=http:\/\/loja.grupoa.com.br&amp;source=gmail&amp;ust=1513427966993000&amp;usg=AFQjCNHF6vJIMxedNWJY0-KNO2VFjV6shQ\">http:\/\/loja.grupoa.com.br<\/a><\/strong><\/p><p style=\"text-align: left;\"><strong><img decoding=\"async\" class=\"alignleft size-full wp-image-77\" src=\"https:\/\/moran.eca.usp.br\/wp-content\/uploads\/2013\/12\/novas_tecnologias_mediacao_pedagogica.jpg\" alt=\"Novas Tecnologias e Media\u00e7\u00e3o Pedag\u00f3gica\" width=\"136\" height=\"200\" \/>Resumo <\/strong>(Contracapa<strong>):<\/strong>\u00a0As tecnologias digitais desafiam as institui\u00e7\u00f5es a buscar alternativas ao ensino tradicional e a focar na aprendizagem mais participativa e integrada, com momentos presenciais e outros com atividades <em>on-line<\/em>. Assim professor e alunos interagem virtualmente e tamb\u00e9m mant\u00eam v\u00ednculos pessoais e afetivos.<\/p><p style=\"text-align: left;\">O risco est\u00e1 no encantamento que as tecnologias mais novas exercem em muitos jovens e adultos, no uso mais para entretenimento do que para estudo e pesquisa e na falta de planejamento das atividades did\u00e1ticas. Sem a media\u00e7\u00e3o efetiva do professor, a utiliza\u00e7\u00e3o dessas ferramentas na escola pode favorecer a divers\u00e3o e o lazer, comprometendo os resultados esperados.<\/p><p style=\"text-align: left;\">Numa abordagem de media\u00e7\u00e3o pedag\u00f3gica, as discuss\u00f5es convergem a uma revis\u00e3o ampla do papel do professor nos dias de hoje. Leitura essencial a professores de quaisquer n\u00edveis de ensino, este livro procura expandir o di\u00e1logo e as an\u00e1lises sobre investimentos e utiliza\u00e7\u00f5es tecnol\u00f3gicas em educa\u00e7\u00e3o cm a perspectiva de construir novas propostas.<br \/><strong>Tipo:<\/strong>\u00a0Brochura<\/p><h4><strong>T\u00edtulo:<\/strong>\u00a0<strong>Novas Tecnologias e Media\u00e7\u00e3o Pedag\u00f3gica<\/strong><\/h4><p><strong>Local de publica\u00e7\u00e3o:<\/strong>\u00a0Editora Papirus, 21\u00aa Ed, 2013<\/p><p><b>ISBN: <\/b>978-85-308-0996-6<\/p><p>Pode ser adquirido nas Livrarias\u00a0<a title=\"Saraiva\" href=\"http:\/\/www.livrariasaraiva.com.br\/produto\/5005338\" target=\"_blank\" rel=\"noopener noreferrer\">Saraiva<\/a>\u00a0e na\u00a0<a title=\"Cultura\" href=\"http:\/\/www.livrariacultura.com.br\/scripts\/resenha\/resenha.asp?nitem=42112708&amp;origem=ac&amp;p=Novas%20Tecnologias%20e\" target=\"_blank\" rel=\"noopener noreferrer\">Cultura<\/a>, entre outras..<\/p><hr \/><p><img loading=\"lazy\" decoding=\"async\" class=\"size-full wp-image-90 alignleft\" src=\"https:\/\/moran.eca.usp.br\/wp-content\/uploads\/2013\/12\/educa_desejo_novos_desafios.jpg\" alt=\"A Educa\u00e7\u00e3o que desejamos - Novos desafios e como chegar l\u00e1\" width=\"136\" height=\"200\" \/><\/p><p><strong>Resumo<\/strong> (contracapa):\u00a0&#8220;A escola \u00e9 pouco atraente&#8221;. Com base nessa afirma\u00e7\u00e3o, Jos\u00e9 Manuel Moran tra\u00e7a neste livro um paralelo entre a educa\u00e7\u00e3o que temos e a que desejamos pra nossos alunos, mostrando as tend\u00eancias para um novo modelo de ensino.<\/p><p>A obra analisa principalmente as mudan\u00e7as que as tecnologias trazem para a educa\u00e7\u00e3o presencial e a dist\u00e2ncia, em todos os n\u00edveis de ensino, sem esquecer o papel que professores e gestores ter\u00e3o que desempenhar nessa revolu\u00e7\u00e3o.<\/p><p>As redes digitais possibilitam organizar o ensino e a aprendizagem de forma mais ativa, din\u00e2mica e variada, privilegiando a pesquisa, a intera\u00e7\u00e3o e a personaliza\u00e7\u00e3o dos estudos, em m\u00faltiplos espa\u00e7os e tempos presenciais e virtuais. Assim, a\u00a0organiza\u00e7\u00e3o escolar precisa ser reinventada para que todos aprendam de modo mais humano, afetivo e \u00e9tico, integrando os aspectos individual e social, os diversos ritmos, m\u00e9todos e tecnologias, para ajudarmos a formar cidad\u00e3os plenos em todas as dimens\u00f5es.<\/p><h4><strong>T\u00edtulo:<\/strong> <strong>A educa\u00e7\u00e3o que desejamos: novos desafios e como chegar l\u00e1<\/strong><\/h4><p><strong>Local de publica\u00e7\u00e3o:<\/strong>\u00a0Campinas, Editora Papirus, 5\u00aa Ed, 2012. 2\u00aa reimpress\u00e3o, 2013.<\/p><p>ISBN: 978-85-308-0835-8<\/p><p>Pode ser adquirido nas Livrarias<a title=\"Livraria Saraiva\" href=\"http:\/\/www.livrariasaraiva.com.br\/produto\/1972173\" target=\"_blank\" rel=\"noopener noreferrer\">\u00a0Saraiva<\/a>\u00a0e\u00a0na\u00a0<a title=\"Cultura\" href=\"http:\/\/pesquisa.livrariacultura.com.br\/busca.php?q=a+educa%C3%A7%C3%A3o+que+desejamos\" target=\"_blank\" rel=\"noopener noreferrer\">Cultura<\/a>, entre outras.<\/p><p><strong>Pagina\u00e7\u00e3o:<\/strong> 176 p\u00e1ginas<\/p><hr \/><p><strong><img loading=\"lazy\" decoding=\"async\" class=\"alignleft\" src=\"https:\/\/moran.eca.usp.br\/wp-content\/uploads\/2013\/12\/desafios_comunica_pessoal.jpg\" alt=\"Desafios na Comunica\u00e7\u00e3o Pessoal\" width=\"136\" height=\"200\" \/>Resumo:<\/strong>\u00a0Em \u2018Desafios na comunica\u00e7\u00e3o pessoal\u2019, o autor busca mostrar os desafios que a educa\u00e7\u00e3o nos traz para no cotidiano, principalmente dentro do contexto da globaliza\u00e7\u00e3o, na busca de uma maior realiza\u00e7\u00e3o individual e grupal. \u00c9 um livro s\u00edntese de v\u00e1rias buscas. Trata da utiliza\u00e7\u00e3o, de forma integrada e criativa, das novas tecnologias na educa\u00e7\u00e3o e da compreens\u00e3o da comunica\u00e7\u00e3o como um processo de humaniza\u00e7\u00e3o individual, comunit\u00e1ria e social.<strong><br \/><\/strong><\/p><h4><strong>T\u00edtulo do livro:\u00a0Desafios na Comunica\u00e7\u00e3o Pessoal<\/strong><\/h4><p><strong>Local de publica\u00e7\u00e3o:<\/strong>\u00a0S\u00e3o Paulo, Editora Paulinas, 3\u00aa edi\u00e7\u00e3o, revista e atualizada.<\/p><p><strong>Pagina\u00e7\u00e3o:<\/strong>\u00a0192 p\u00e1ginas<\/p><p>ISBN: 978-85-356-0075-9<\/p><p>Dispon\u00edvel para compra na <a title=\"Desafios na Comunica\u00e7\u00e3o Pessoal\" href=\"http:\/\/www.paulinas.org.br\/loja\/?system=produtos&amp;action=detalhes&amp;produto=092371\" target=\"_blank\" rel=\"noopener noreferrer\">Livraria Virtual Paulinas<\/a>\u00a0e nas principais livrarias online<\/p><hr \/><p><strong><img loading=\"lazy\" decoding=\"async\" class=\"alignleft\" src=\"https:\/\/moran.eca.usp.br\/wp-content\/uploads\/2013\/12\/pontos_contrapontos_ead.jpg\" alt=\"Educa\u00e7\u00e3o a Dist\u00e2ncia - Pontos e Contrapontos\" width=\"136\" height=\"200\" \/>Resumo:<\/strong>\u00a0A educa\u00e7\u00e3o a dist\u00e2ncia e as novas modalidades de ensino e aprendizagem ampliam o acesso \u00e0 educa\u00e7\u00e3o de qualidade ou desqualificam o processo educativo? Qual o verdadeiro papel das novas tecnologias de informa\u00e7\u00e3o e comunica\u00e7\u00e3o no cotidiano das escolas e dos cursos de forma\u00e7\u00e3o profissional?<br \/>\u00c9 nesse contexto que foi concebida a presente obra, Educa\u00e7\u00e3o a dist\u00e2ncia, a nona da cole\u00e7\u00e3o Pontos e Contrapontos, que contou com a participa\u00e7\u00e3o dos autores Jos\u00e9 Armando Valente, da Unicamp, e Jos\u00e9 Manuel Moran, da Universidade de S\u00e3o Paulo. Trata-se, pois, de um debate sobre as importantes e pol\u00eamicas quest\u00f5es que perpassam as complexas rela\u00e7\u00f5es entre tecnologia e educa\u00e7\u00e3o neste in\u00edcio de s\u00e9culo<\/p><h4>.<strong>T\u00edtulo do livro:<\/strong>\u00a0<strong>Educa\u00e7\u00e3o a dist\u00e2ncia: Pontos e contrapontos<\/strong><\/h4><p><strong>Local de publica\u00e7\u00e3o:<\/strong>\u00a0Summus Editorial, 2011<\/p><p>Dispon\u00edvel para compra na <a title=\"A educa\u00e7\u00e3o a dist\u00e2ncia: pontos e contrapontos\" href=\"http:\/\/www.gruposummus.com.br\/detalhes_livro.php?produto_id=1283\" target=\"_blank\" rel=\"noopener noreferrer\">Livraria virtual da Summus<\/a>\u00a0e nas principais livrarias online<\/p><p>______________________________________________________________________________________<\/p><h4><strong><a title=\"Aprendendo a viver: Caminhos para a realiza\u00e7\u00e3o plena\" href=\"http:\/\/www.paulinas.org.br\/loja\/?system=produtos&amp;action=detalhes&amp;produto=096091\" target=\"_blank\" rel=\"noopener noreferrer\">Aprendendo a Viver; Caminhos para a realiza\u00e7\u00e3o plena<\/a><\/strong><\/h4><p>Um livro sobre como podemos transformar nossa vida num processo fascinante, cont\u00ednuo e realizador de aprendizagem em todos os espa\u00e7os, tempos e com as pessoas que convivemos. Ele est\u00e1 na 6\u00aa ed, pela Paulinas, e pode ser adquirido na <a title=\"Aprendendo a Viver\" href=\"http:\/\/www.paulinas.org.br\/loja\/?system=produtos&amp;action=detalhes&amp;produto=096091\" target=\"_blank\" rel=\"noopener noreferrer\">Livraria Virtual Paulinas <\/a>\u00a0ou em outras livrarias online. Acaba de ser publicado tamb\u00e9m em espanhol com o t\u00edtulo &#8220;<em>Aprendiendo a vivir: Caminos para la realizaci\u00f3n plena<\/em>&#8221; pelas edi\u00e7\u00f5es Paulinas de Buenos Aires, Argentina.<\/p><p><a href=\"https:\/\/moran.eca.usp.br\/wp-content\/uploads\/2013\/12\/aprendendo.jpg\"><img loading=\"lazy\" decoding=\"async\" class=\"alignleft size-full wp-image-377\" src=\"https:\/\/moran.eca.usp.br\/wp-content\/uploads\/2013\/12\/aprendendo.jpg\" alt=\"Aprendendo a viver\" width=\"294\" height=\"448\" srcset=\"https:\/\/moran.eca.usp.br\/wp-content\/uploads\/2013\/12\/aprendendo.jpg 294w, https:\/\/moran.eca.usp.br\/wp-content\/uploads\/2013\/12\/aprendendo-196x300.jpg 196w\" sizes=\"(max-width: 294px) 100vw, 294px\" \/><\/a><\/p>\t\t\t\t\t\t<\/div>\n\t\t\t\t<\/div>\n\t\t\t\t\t<\/div>\n\t\t<\/div>\n\t\t\t\t\t<\/div>\n\t\t<\/section>\n\t\t\t\t<\/div>\n\t\t","protected":false},"excerpt":{"rendered":"<p>Livros Publicados \u00a0 \u00a0 \u00a0 \u00a0 \u00a0 \u00a0 \u00a0 \u00a0 Meu \u00faltimo livro: Di\u00e1logos sobre Educa\u00e7\u00e3o H\u00edbrida e Digital,\u00a0dispon\u00edvel em: https:\/\/artesanatoeducacional.com.br\/produto\/dialogos-sobre-educacao-hibrida-e-digital\/ e na Amazon \u00a0 Metodologias Ativas para uma Educa\u00e7\u00e3o Inovadora. Coordena\u00e7\u00e3o Lilian Bacich @ Jos\u00e9, Moran.. Porto Alegre: Penso, 2017. Pode ser adquirido em:\u00a0http:\/\/loja.grupoa.com.br Resumo (Contracapa):\u00a0As tecnologias digitais desafiam as institui\u00e7\u00f5es a buscar alternativas ao ensino tradicional e a focar na aprendizagem mais participativa e integrada, com momentos presenciais e outros com atividades on-line. Assim professor e alunos interagem&hellip;<\/p>\n","protected":false},"author":1,"featured_media":0,"parent":0,"menu_order":0,"comment_status":"closed","ping_status":"closed","template":"","meta":{"footnotes":""},"_links":{"self":[{"href":"https:\/\/moran.eca.usp.br\/index.php?rest_route=\/wp\/v2\/pages\/95"}],"collection":[{"href":"https:\/\/moran.eca.usp.br\/index.php?rest_route=\/wp\/v2\/pages"}],"about":[{"href":"https:\/\/moran.eca.usp.br\/index.php?rest_route=\/wp\/v2\/types\/page"}],"author":[{"embeddable":true,"href":"https:\/\/moran.eca.usp.br\/index.php?rest_route=\/wp\/v2\/users\/1"}],"replies":[{"embeddable":true,"href":"https:\/\/moran.eca.usp.br\/index.php?rest_route=%2Fwp%2Fv2%2Fcomments&post=95"}],"version-history":[{"count":33,"href":"https:\/\/moran.eca.usp.br\/index.php?rest_route=\/wp\/v2\/pages\/95\/revisions"}],"predecessor-version":[{"id":2597,"href":"https:\/\/moran.eca.usp.br\/index.php?rest_route=\/wp\/v2\/pages\/95\/revisions\/2597"}],"wp:attachment":[{"href":"https:\/\/moran.eca.usp.br\/index.php?rest_route=%2Fwp%2Fv2%2Fmedia&parent=95"}],"curies":[{"name":"wp","href":"https:\/\/api.w.org\/{rel}","templated":true}]}}